{"id":7,"date":"2026-03-01T18:02:55","date_gmt":"2026-03-01T18:02:55","guid":{"rendered":"http:\/\/presta-drone.fr\/?page_id=7"},"modified":"2026-03-19T16:45:34","modified_gmt":"2026-03-19T16:45:34","slug":"accueil","status":"publish","type":"page","link":"https:\/\/presta-drone.fr\/","title":{"rendered":"Accueil"},"content":{"rendered":"\n<div class=\"wp-block-cover alignfull\" style=\"min-height:720px;aspect-ratio:unset;\"><video class=\"wp-block-cover__video-background intrinsic-ignore\" autoplay muted loop playsinline src=\"https:\/\/presta-drone.fr\/wp-content\/uploads\/2026\/03\/WhatsApp-Video-2026-02-20-at-09.12.58.mp4\" data-object-fit=\"cover\"><\/video><span aria-hidden=\"true\" class=\"wp-block-cover__background has-background-dim-90 has-background-dim wp-block-cover__gradient-background has-background-gradient\" style=\"background:linear-gradient(180deg,rgb(61,128,209) 0%,rgb(1,1,1) 97%,rgb(0,0,0) 100%)\"><\/span><div class=\"wp-block-cover__inner-container is-layout-flow wp-block-cover-is-layout-flow\">\n<div class=\"inherit-container-width wp-block-group alignwide is-layout-constrained wp-block-group-is-layout-constrained\">\n<div class=\"wp-block-media-text alignwide is-stacked-on-mobile is-vertically-aligned-center\" style=\"grid-template-columns:45% auto\"><figure class=\"wp-block-media-text__media\"><img loading=\"lazy\" decoding=\"async\" width=\"1024\" height=\"1024\" src=\"https:\/\/presta-drone.fr\/wp-content\/uploads\/2026\/03\/PRESTAlogo-1024x1024.png\" alt=\"\" class=\"wp-image-9 size-full\" srcset=\"https:\/\/presta-drone.fr\/wp-content\/uploads\/2026\/03\/PRESTAlogo-1024x1024.png 1024w, https:\/\/presta-drone.fr\/wp-content\/uploads\/2026\/03\/PRESTAlogo-300x300.png 300w, https:\/\/presta-drone.fr\/wp-content\/uploads\/2026\/03\/PRESTAlogo-150x150.png 150w, https:\/\/presta-drone.fr\/wp-content\/uploads\/2026\/03\/PRESTAlogo-768x768.png 768w, https:\/\/presta-drone.fr\/wp-content\/uploads\/2026\/03\/PRESTAlogo-1536x1536.png 1536w, https:\/\/presta-drone.fr\/wp-content\/uploads\/2026\/03\/PRESTAlogo-2048x2048.png 2048w\" sizes=\"auto, (max-width: 1024px) 100vw, 1024px\" \/><\/figure><div class=\"wp-block-media-text__content\">\n<h1 class=\"wp-block-heading has-text-align-left has-white-color has-text-color\" style=\"padding-right:var(--wp--preset--spacing--70);padding-left:var(--wp--preset--spacing--70)\">Prestations a\u00e9riennes par drone dans les Alpes Maritimes<\/h1>\n\n\n\n<p class=\"has-white-color has-text-color\" style=\"padding-right:var(--wp--preset--spacing--70);padding-left:var(--wp--preset--spacing--70)\">Photogramm\u00e9trie \u2022 Thermographie \u2022 Cartographie \u2022 Vid\u00e9o a\u00e9rienne<br>Interventions pour particuliers, entreprises et collectivit\u00e9s dans le Sud de la France<\/p>\n\n\n\n<div class=\"wp-block-buttons is-content-justification-center is-layout-flex wp-container-core-buttons-is-layout-a89b3969 wp-block-buttons-is-layout-flex\">\n<div class=\"wp-block-button\"><a class=\"wp-block-button__link wp-element-button\" href=\"#nosprestations\">Nos prestations<\/a><\/div>\n<\/div>\n<\/div><\/div>\n<\/div>\n<\/div><\/div>\n\n\n\n<div class=\"wp-block-group alignfull has-ast-global-color-4-background-color has-background is-content-justification-center is-layout-constrained wp-container-core-group-is-layout-64e05ae2 wp-block-group-is-layout-constrained\" id=\"apropos\" style=\"margin-top:var(--wp--preset--spacing--30);margin-bottom:var(--wp--preset--spacing--30);padding-top:46px;padding-right:var(--wp--preset--spacing--30);padding-bottom:46px;padding-left:var(--wp--preset--spacing--40)\">\n<div class=\"wp-block-media-text has-media-on-the-right is-stacked-on-mobile is-vertically-aligned-top\"><div class=\"wp-block-media-text__content\">\n<div class=\"inherit-container-width wp-block-group is-layout-constrained wp-container-core-group-is-layout-9ac6fa16 wp-block-group-is-layout-constrained\" style=\"padding-right:0px;padding-left:var(--wp--preset--spacing--30)\">\n<h2 class=\"wp-block-heading has-large-font-size\" style=\"padding-top:var(--wp--preset--spacing--40);padding-right:38px;padding-bottom:0\"><strong>L\u2019expertise drone au service de vos besoins.<\/strong><\/h2>\n\n\n\n<p>Bas\u00e9e \u00e0 Nice,&nbsp;<strong>Presta Drone<\/strong>&nbsp;propose des services professionnels de pilotage de drones pour tous vos besoins : inspections techniques, prises de vue a\u00e9riennes, relev\u00e9s photogramm\u00e9triques, \u00e9v\u00e9nements, immobilier, suivi de chantier, et plus encore.<\/p>\n<\/div>\n<\/div><figure class=\"wp-block-media-text__media\"><img loading=\"lazy\" decoding=\"async\" width=\"1024\" height=\"576\" src=\"https:\/\/presta-drone.fr\/wp-content\/uploads\/2026\/03\/presta-homepage-1024x576.png\" alt=\"\" class=\"wp-image-35 size-full\" srcset=\"https:\/\/presta-drone.fr\/wp-content\/uploads\/2026\/03\/presta-homepage-1024x576.png 1024w, https:\/\/presta-drone.fr\/wp-content\/uploads\/2026\/03\/presta-homepage-300x169.png 300w, https:\/\/presta-drone.fr\/wp-content\/uploads\/2026\/03\/presta-homepage-768x432.png 768w, https:\/\/presta-drone.fr\/wp-content\/uploads\/2026\/03\/presta-homepage.png 1366w\" sizes=\"auto, (max-width: 1024px) 100vw, 1024px\" \/><\/figure><\/div>\n<\/div>\n\n\n\n<div class=\"wp-block-group alignfull has-ast-global-color-5-background-color has-background is-layout-constrained wp-container-core-group-is-layout-2e00317d wp-block-group-is-layout-constrained\" style=\"padding-bottom:77px\">\n<p class=\"has-large-font-size\"><strong>Nos garanties<\/strong><\/p>\n\n\n\n<div class=\"wp-block-columns are-vertically-aligned-top is-layout-flex wp-container-core-columns-is-layout-3ebe4b79 wp-block-columns-is-layout-flex\" style=\"margin-top:0;margin-bottom:0\">\n<div class=\"wp-block-column is-vertically-aligned-top is-layout-flow wp-container-core-column-is-layout-6b73ce23 wp-block-column-is-layout-flow\">\n<figure class=\"wp-block-image aligncenter size-thumbnail is-resized\"><img loading=\"lazy\" decoding=\"async\" width=\"150\" height=\"150\" src=\"https:\/\/presta-drone.fr\/wp-content\/uploads\/2026\/03\/v1-150x150.png\" alt=\"\" class=\"wp-image-71\" style=\"width:100px\"\/><\/figure>\n\n\n\n<h3 class=\"wp-block-heading has-text-align-center\" style=\"margin-top:16px\">S\u00e9curit\u00e9<\/h3>\n\n\n\n<p class=\"has-text-align-center\">Respect des <strong>normes de s\u00e9curit\u00e9<\/strong> et de la <strong>r\u00e9glementation DGAC<\/strong><\/p>\n<\/div>\n\n\n\n<div class=\"wp-block-column is-vertically-aligned-top is-layout-flow wp-container-core-column-is-layout-6b73ce23 wp-block-column-is-layout-flow\">\n<figure class=\"wp-block-image aligncenter size-thumbnail is-resized\"><img loading=\"lazy\" decoding=\"async\" width=\"150\" height=\"150\" src=\"https:\/\/presta-drone.fr\/wp-content\/uploads\/2026\/03\/v3-150x150.png\" alt=\"\" class=\"wp-image-70\" style=\"width:100px\"\/><\/figure>\n\n\n\n<h3 class=\"wp-block-heading has-text-align-center\" style=\"margin-top:16px\">Certification<\/h3>\n\n\n\n<p class=\"has-text-align-center\">T\u00e9l\u00e9pilote <strong>certifi\u00e9<\/strong><\/p>\n<\/div>\n\n\n\n<div class=\"wp-block-column is-vertically-aligned-top is-layout-flow wp-container-core-column-is-layout-6b73ce23 wp-block-column-is-layout-flow\">\n<figure class=\"wp-block-image aligncenter size-thumbnail is-resized\"><img loading=\"lazy\" decoding=\"async\" width=\"150\" height=\"150\" src=\"https:\/\/presta-drone.fr\/wp-content\/uploads\/2026\/03\/v2-150x150.png\" alt=\"\" class=\"wp-image-69\" style=\"width:100px\"\/><\/figure>\n\n\n\n<h3 class=\"wp-block-heading has-text-align-center\" style=\"margin-top:16px\">Assurance<\/h3>\n\n\n\n<p class=\"has-text-align-center\"><strong>Assurance RC Pro<\/strong><\/p>\n<\/div>\n\n\n\n<div class=\"wp-block-column is-vertically-aligned-top is-layout-flow wp-container-core-column-is-layout-6b73ce23 wp-block-column-is-layout-flow\">\n<figure class=\"wp-block-image aligncenter size-thumbnail is-resized\"><img loading=\"lazy\" decoding=\"async\" width=\"150\" height=\"150\" src=\"https:\/\/presta-drone.fr\/wp-content\/uploads\/2026\/03\/v4-150x150.png\" alt=\"\" class=\"wp-image-68\" style=\"width:100px\"\/><\/figure>\n\n\n\n<h3 class=\"wp-block-heading has-text-align-center\" style=\"margin-top:16px\">Professionnel<\/h3>\n\n\n\n<p class=\"has-text-align-center\"><strong>Mat\u00e9riel professionnel<\/strong> de haute pr\u00e9cision<\/p>\n<\/div>\n<\/div>\n<\/div>\n\n\n\n<div class=\"wp-block-group alignfull is-layout-constrained wp-container-core-group-is-layout-45b0ac4f wp-block-group-is-layout-constrained\" id=\"nosprestations\" style=\"padding-top:144px;padding-bottom:0px\">\n<h2 class=\"wp-block-heading\">Nos prestations<\/h2>\n\n\n\n<p><strong>L\u2019expertise drone adapt\u00e9e \u00e0 tous vos besoins<\/strong><br>Presta Drone propose un large \u00e9ventail de services pour r\u00e9pondre aux besoins sp\u00e9cifiques de chaque client :<\/p>\n\n\n\n<div class=\"wp-block-columns is-layout-flex wp-container-core-columns-is-layout-60cbf9bb wp-block-columns-is-layout-flex\" style=\"margin-top:50px\">\n<div class=\"wp-block-column is-layout-flow wp-container-core-column-is-layout-6b73ce23 wp-block-column-is-layout-flow\">\n<figure class=\"wp-block-image size-full\"><img loading=\"lazy\" decoding=\"async\" width=\"922\" height=\"798\" src=\"https:\/\/presta-drone.fr\/wp-content\/uploads\/2026\/03\/Capture-decran-2026-03-01-a-20.22.01.png\" alt=\"photogramm\u00e9trie\" class=\"wp-image-56\" style=\"aspect-ratio:1;object-fit:cover\" srcset=\"https:\/\/presta-drone.fr\/wp-content\/uploads\/2026\/03\/Capture-decran-2026-03-01-a-20.22.01.png 922w, https:\/\/presta-drone.fr\/wp-content\/uploads\/2026\/03\/Capture-decran-2026-03-01-a-20.22.01-300x260.png 300w, https:\/\/presta-drone.fr\/wp-content\/uploads\/2026\/03\/Capture-decran-2026-03-01-a-20.22.01-768x665.png 768w\" sizes=\"auto, (max-width: 922px) 100vw, 922px\" \/><\/figure>\n\n\n\n<h3 class=\"wp-block-heading has-text-align-center\" style=\"margin-top:16px\">Photogramm\u00e9trie &amp; Cartographie<\/h3>\n\n\n\n<p class=\"has-text-align-center\">Mod\u00e9lisation 3D, relev\u00e9s pr\u00e9cis, orthophotos<\/p>\n<\/div>\n\n\n\n<div class=\"wp-block-column is-layout-flow wp-container-core-column-is-layout-6b73ce23 wp-block-column-is-layout-flow\">\n<figure class=\"wp-block-image size-full\"><img loading=\"lazy\" decoding=\"async\" width=\"928\" height=\"802\" src=\"https:\/\/presta-drone.fr\/wp-content\/uploads\/2026\/03\/Capture-decran-2026-03-01-a-20.24.40.png\" alt=\"\" class=\"wp-image-57\" style=\"aspect-ratio:1;object-fit:cover\" srcset=\"https:\/\/presta-drone.fr\/wp-content\/uploads\/2026\/03\/Capture-decran-2026-03-01-a-20.24.40.png 928w, https:\/\/presta-drone.fr\/wp-content\/uploads\/2026\/03\/Capture-decran-2026-03-01-a-20.24.40-300x259.png 300w, https:\/\/presta-drone.fr\/wp-content\/uploads\/2026\/03\/Capture-decran-2026-03-01-a-20.24.40-768x664.png 768w\" sizes=\"auto, (max-width: 928px) 100vw, 928px\" \/><\/figure>\n\n\n\n<h3 class=\"wp-block-heading has-text-align-center\" style=\"margin-top:16px\">Thermographie<\/h3>\n\n\n\n<p class=\"has-text-align-center\">D\u00e9tection ponts thermiques, analyses \u00e9nerg\u00e9tiques<\/p>\n<\/div>\n\n\n\n<div class=\"wp-block-column is-layout-flow wp-container-core-column-is-layout-6b73ce23 wp-block-column-is-layout-flow\">\n<figure class=\"wp-block-image size-full\"><img loading=\"lazy\" decoding=\"async\" width=\"926\" height=\"798\" src=\"https:\/\/presta-drone.fr\/wp-content\/uploads\/2026\/03\/Capture-decran-2026-03-01-a-20.30.10.png\" alt=\"\" class=\"wp-image-58\" style=\"aspect-ratio:1;object-fit:cover\" srcset=\"https:\/\/presta-drone.fr\/wp-content\/uploads\/2026\/03\/Capture-decran-2026-03-01-a-20.30.10.png 926w, https:\/\/presta-drone.fr\/wp-content\/uploads\/2026\/03\/Capture-decran-2026-03-01-a-20.30.10-300x259.png 300w, https:\/\/presta-drone.fr\/wp-content\/uploads\/2026\/03\/Capture-decran-2026-03-01-a-20.30.10-768x662.png 768w\" sizes=\"auto, (max-width: 926px) 100vw, 926px\" \/><\/figure>\n\n\n\n<h3 class=\"wp-block-heading has-text-align-center\" style=\"margin-top:16px\"> Inspection<\/h3>\n\n\n\n<p class=\"has-text-align-center\">Toitures, fa\u00e7ades, terrains, infrastructures<\/p>\n<\/div>\n<\/div>\n<\/div>\n\n\n\n<div class=\"wp-block-group alignfull has-ast-global-color-4-background-color has-background is-layout-constrained wp-container-core-group-is-layout-6a2cfb7b wp-block-group-is-layout-constrained\" id=\"reviews\">\n<figure class=\"wp-block-image aligncenter size-thumbnail is-resized\"><img loading=\"lazy\" decoding=\"async\" width=\"150\" height=\"150\" src=\"https:\/\/presta-drone.fr\/wp-content\/uploads\/2026\/03\/unnamed-file-150x150.png\" alt=\"\" class=\"wp-image-59\" style=\"width:62px;height:auto\"\/><\/figure>\n\n\n\n<p class=\"has-text-align-center\" style=\"font-size:23px;line-height:1.6\"><strong>Vid\u00e9os &amp; Photos a\u00e9riennes<\/strong><\/p>\n\n\n\n<p class=\"has-text-align-center\">&nbsp;\u00c9v\u00e9nements, promotion immobili\u00e8re, communication&#8230; sur demande selon vos besoins<\/p>\n<\/div>\n\n\n\n<div class=\"wp-block-group alignfull has-ast-global-color-1-background-color has-background is-layout-constrained wp-container-core-group-is-layout-ea4a855e wp-block-group-is-layout-constrained\" id=\"contacteznous\" style=\"padding-top:88px;padding-bottom:88px\">\n<h2 class=\"wp-block-heading has-text-align-center has-text-color\" style=\"color:#ffffff\">Un besoin a\u00e9rien ? <\/h2>\n\n\n\n<p class=\"has-ast-global-color-4-color has-text-color has-link-color wp-elements-0be0e83b4801da1ccd86e02eebd8e8fa\"><strong>Contactez Presta Drone d\u00e8s aujourd\u2019hui<\/strong>\u00a0pour obtenir un devis personnalis\u00e9 ou \u00e9changer sur votre mission. Nous intervenons partout dans le Sud de la France et nous nous adaptons \u00e0 vos besoins sp\u00e9cifiques.<\/p>\n\n\n\n<div class=\"wpcf7 no-js\" id=\"wpcf7-f82-o1\" lang=\"fr-FR\" dir=\"ltr\" data-wpcf7-id=\"82\">\n<div class=\"screen-reader-response\"><p role=\"status\" aria-live=\"polite\" aria-atomic=\"true\"><\/p> <ul><\/ul><\/div>\n<form action=\"\/index.php?rest_route=%2Fwp%2Fv2%2Fpages%2F7#wpcf7-f82-o1\" method=\"post\" class=\"wpcf7-form init\" aria-label=\"Formulaire de contact\" novalidate=\"novalidate\" data-status=\"init\">\n<fieldset class=\"hidden-fields-container\"><input type=\"hidden\" name=\"_wpcf7\" value=\"82\" \/><input type=\"hidden\" name=\"_wpcf7_version\" value=\"6.1.5\" \/><input type=\"hidden\" name=\"_wpcf7_locale\" value=\"fr_FR\" \/><input type=\"hidden\" name=\"_wpcf7_unit_tag\" value=\"wpcf7-f82-o1\" \/><input type=\"hidden\" name=\"_wpcf7_container_post\" value=\"0\" \/><input type=\"hidden\" name=\"_wpcf7_posted_data_hash\" value=\"\" \/>\n<\/fieldset>\n<p><label> Votre nom<br \/>\n<span class=\"wpcf7-form-control-wrap\" data-name=\"your-name\"><input size=\"40\" maxlength=\"400\" class=\"wpcf7-form-control wpcf7-text wpcf7-validates-as-required\" autocomplete=\"name\" aria-required=\"true\" aria-invalid=\"false\" value=\"\" type=\"text\" name=\"your-name\" \/><\/span> <\/label>\n<\/p>\n<p><label> Votre e-mail<br \/>\n<span class=\"wpcf7-form-control-wrap\" data-name=\"your-email\"><input size=\"40\" maxlength=\"400\" class=\"wpcf7-form-control wpcf7-email wpcf7-validates-as-required wpcf7-text wpcf7-validates-as-email\" autocomplete=\"email\" aria-required=\"true\" aria-invalid=\"false\" value=\"\" type=\"email\" name=\"your-email\" \/><\/span> <\/label>\n<\/p>\n<p><label> Objet<br \/>\n<span class=\"wpcf7-form-control-wrap\" data-name=\"your-subject\"><input size=\"40\" maxlength=\"400\" class=\"wpcf7-form-control wpcf7-text wpcf7-validates-as-required\" aria-required=\"true\" aria-invalid=\"false\" value=\"\" type=\"text\" name=\"your-subject\" \/><\/span> <\/label>\n<\/p>\n<p><label> Votre message (facultatif)<br \/>\n<span class=\"wpcf7-form-control-wrap\" data-name=\"your-message\"><textarea cols=\"40\" rows=\"10\" maxlength=\"2000\" class=\"wpcf7-form-control wpcf7-textarea\" aria-invalid=\"false\" name=\"your-message\"><\/textarea><\/span> <\/label>\n<\/p>\n<p><input class=\"wpcf7-form-control wpcf7-submit has-spinner\" type=\"submit\" value=\"Envoyer\" \/>\n<\/p><p style=\"display: none !important;\" class=\"akismet-fields-container\" data-prefix=\"_wpcf7_ak_\"><label>&#916;<textarea name=\"_wpcf7_ak_hp_textarea\" cols=\"45\" rows=\"8\" maxlength=\"100\"><\/textarea><\/label><input type=\"hidden\" id=\"ak_js_1\" name=\"_wpcf7_ak_js\" value=\"94\"\/><script>\ndocument.getElementById( \"ak_js_1\" ).setAttribute( \"value\", ( new Date() ).getTime() );\n<\/script>\n<\/p><div class=\"wpcf7-response-output\" aria-hidden=\"true\"><\/div>\n<\/form>\n<\/div>\n\n\n\n\n<p class=\"has-ast-global-color-4-color has-text-color has-link-color wp-elements-b5be9b0022782dfb977bba45c8b0337e\"><\/p>\n<\/div>\n","protected":false},"excerpt":{"rendered":"<p>L\u2019expertise drone au service de vos besoins. Bas\u00e9e \u00e0 Nice,&nbsp;Presta Drone&nbsp;propose des services professionnels de pilotage de drones pour tous [&hellip;]<\/p>\n","protected":false},"author":1,"featured_media":0,"parent":0,"menu_order":0,"comment_status":"closed","ping_status":"closed","template":"","meta":{"site-sidebar-layout":"no-sidebar","site-content-layout":"plain-container","ast-site-content-layout":"default","site-content-style":"default","site-sidebar-style":"default","ast-global-header-display":"","ast-banner-title-visibility":"","ast-main-header-display":"","ast-hfb-above-header-display":"","ast-hfb-below-header-display":"","ast-hfb-mobile-header-display":"","site-post-title":"disabled","ast-breadcrumbs-content":"","ast-featured-img":"","footer-sml-layout":"","ast-disable-related-posts":"","theme-transparent-header-meta":"enabled","adv-header-id-meta":"","stick-header-meta":"","header-above-stick-meta":"","header-main-stick-meta":"","header-below-stick-meta":"","astra-migrate-meta-layouts":"default","ast-page-background-enabled":"default","ast-page-background-meta":{"desktop":{"background-color":"var(--ast-global-color-5)","background-image":"","background-repeat":"repeat","background-position":"center center","background-size":"auto","background-attachment":"scroll","background-type":"","background-media":"","overlay-type":"","overlay-color":"","overlay-opacity":"","overlay-gradient":""},"tablet":{"background-color":"","background-image":"","background-repeat":"repeat","background-position":"center center","background-size":"auto","background-attachment":"scroll","background-type":"","background-media":"","overlay-type":"","overlay-color":"","overlay-opacity":"","overlay-gradient":""},"mobile":{"background-color":"","background-image":"","background-repeat":"repeat","background-position":"center center","background-size":"auto","background-attachment":"scroll","background-type":"","background-media":"","overlay-type":"","overlay-color":"","overlay-opacity":"","overlay-gradient":""}},"ast-content-background-meta":{"desktop":{"background-color":"var(--ast-global-color-4)","background-image":"","background-repeat":"repeat","background-position":"center center","background-size":"auto","background-attachment":"scroll","background-type":"","background-media":"","overlay-type":"","overlay-color":"","overlay-opacity":"","overlay-gradient":""},"tablet":{"background-color":"var(--ast-global-color-4)","background-image":"","background-repeat":"repeat","background-position":"center center","background-size":"auto","background-attachment":"scroll","background-type":"","background-media":"","overlay-type":"","overlay-color":"","overlay-opacity":"","overlay-gradient":""},"mobile":{"background-color":"var(--ast-global-color-4)","background-image":"","background-repeat":"repeat","background-position":"center center","background-size":"auto","background-attachment":"scroll","background-type":"","background-media":"","overlay-type":"","overlay-color":"","overlay-opacity":"","overlay-gradient":""}},"footnotes":""},"class_list":["post-7","page","type-page","status-publish","hentry"],"yoast_head":"<!-- This site is optimized with the Yoast SEO plugin v27.3 - https:\/\/yoast.com\/product\/yoast-seo-wordpress\/ -->\n<title>Accueil -<\/title>\n<meta name=\"robots\" content=\"index, follow, max-snippet:-1, max-image-preview:large, max-video-preview:-1\" \/>\n<link rel=\"canonical\" href=\"https:\/\/presta-drone.fr\/\" \/>\n<meta property=\"og:locale\" content=\"fr_FR\" \/>\n<meta property=\"og:type\" content=\"article\" \/>\n<meta property=\"og:title\" content=\"Accueil -\" \/>\n<meta property=\"og:description\" content=\"L\u2019expertise drone au service de vos besoins. Bas\u00e9e \u00e0 Nice,&nbsp;Presta Drone&nbsp;propose des services professionnels de pilotage de drones pour tous [&hellip;]\" \/>\n<meta property=\"og:url\" content=\"https:\/\/presta-drone.fr\/\" \/>\n<meta property=\"article:modified_time\" content=\"2026-03-19T16:45:34+00:00\" \/>\n<meta property=\"og:image\" content=\"http:\/\/presta-drone.fr\/wp-content\/uploads\/2026\/03\/PRESTAlogo-1024x1024.png\" \/>\n<meta name=\"twitter:card\" content=\"summary_large_image\" \/>\n<meta name=\"twitter:label1\" content=\"Dur\u00e9e de lecture estim\u00e9e\" \/>\n\t<meta name=\"twitter:data1\" content=\"1 minute\" \/>\n<script type=\"application\/ld+json\" class=\"yoast-schema-graph\">{\"@context\":\"https:\\\/\\\/schema.org\",\"@graph\":[{\"@type\":\"WebPage\",\"@id\":\"https:\\\/\\\/presta-drone.fr\\\/\",\"url\":\"https:\\\/\\\/presta-drone.fr\\\/\",\"name\":\"Accueil -\",\"isPartOf\":{\"@id\":\"https:\\\/\\\/presta-drone.fr\\\/#website\"},\"primaryImageOfPage\":{\"@id\":\"https:\\\/\\\/presta-drone.fr\\\/#primaryimage\"},\"image\":{\"@id\":\"https:\\\/\\\/presta-drone.fr\\\/#primaryimage\"},\"thumbnailUrl\":\"http:\\\/\\\/presta-drone.fr\\\/wp-content\\\/uploads\\\/2026\\\/03\\\/PRESTAlogo-1024x1024.png\",\"datePublished\":\"2026-03-01T18:02:55+00:00\",\"dateModified\":\"2026-03-19T16:45:34+00:00\",\"breadcrumb\":{\"@id\":\"https:\\\/\\\/presta-drone.fr\\\/#breadcrumb\"},\"inLanguage\":\"fr-FR\",\"potentialAction\":[{\"@type\":\"ReadAction\",\"target\":[\"https:\\\/\\\/presta-drone.fr\\\/\"]}]},{\"@type\":\"ImageObject\",\"inLanguage\":\"fr-FR\",\"@id\":\"https:\\\/\\\/presta-drone.fr\\\/#primaryimage\",\"url\":\"http:\\\/\\\/presta-drone.fr\\\/wp-content\\\/uploads\\\/2026\\\/03\\\/PRESTAlogo-1024x1024.png\",\"contentUrl\":\"http:\\\/\\\/presta-drone.fr\\\/wp-content\\\/uploads\\\/2026\\\/03\\\/PRESTAlogo-1024x1024.png\"},{\"@type\":\"BreadcrumbList\",\"@id\":\"https:\\\/\\\/presta-drone.fr\\\/#breadcrumb\",\"itemListElement\":[{\"@type\":\"ListItem\",\"position\":1,\"name\":\"Accueil\",\"item\":\"https:\\\/\\\/presta-drone.fr\\\/\"},{\"@type\":\"ListItem\",\"position\":2,\"name\":\"Accueil\"}]},{\"@type\":\"WebSite\",\"@id\":\"https:\\\/\\\/presta-drone.fr\\\/#website\",\"url\":\"https:\\\/\\\/presta-drone.fr\\\/\",\"name\":\"\",\"description\":\"L\u2019expertise drone au service de vos besoins.\",\"potentialAction\":[{\"@type\":\"SearchAction\",\"target\":{\"@type\":\"EntryPoint\",\"urlTemplate\":\"https:\\\/\\\/presta-drone.fr\\\/?s={search_term_string}\"},\"query-input\":{\"@type\":\"PropertyValueSpecification\",\"valueRequired\":true,\"valueName\":\"search_term_string\"}}],\"inLanguage\":\"fr-FR\"}]}<\/script>\n<!-- \/ Yoast SEO plugin. -->","yoast_head_json":{"title":"Accueil -","robots":{"index":"index","follow":"follow","max-snippet":"max-snippet:-1","max-image-preview":"max-image-preview:large","max-video-preview":"max-video-preview:-1"},"canonical":"https:\/\/presta-drone.fr\/","og_locale":"fr_FR","og_type":"article","og_title":"Accueil -","og_description":"L\u2019expertise drone au service de vos besoins. Bas\u00e9e \u00e0 Nice,&nbsp;Presta Drone&nbsp;propose des services professionnels de pilotage de drones pour tous [&hellip;]","og_url":"https:\/\/presta-drone.fr\/","article_modified_time":"2026-03-19T16:45:34+00:00","og_image":[{"url":"http:\/\/presta-drone.fr\/wp-content\/uploads\/2026\/03\/PRESTAlogo-1024x1024.png","type":"","width":"","height":""}],"twitter_card":"summary_large_image","twitter_misc":{"Dur\u00e9e de lecture estim\u00e9e":"1 minute"},"schema":{"@context":"https:\/\/schema.org","@graph":[{"@type":"WebPage","@id":"https:\/\/presta-drone.fr\/","url":"https:\/\/presta-drone.fr\/","name":"Accueil -","isPartOf":{"@id":"https:\/\/presta-drone.fr\/#website"},"primaryImageOfPage":{"@id":"https:\/\/presta-drone.fr\/#primaryimage"},"image":{"@id":"https:\/\/presta-drone.fr\/#primaryimage"},"thumbnailUrl":"http:\/\/presta-drone.fr\/wp-content\/uploads\/2026\/03\/PRESTAlogo-1024x1024.png","datePublished":"2026-03-01T18:02:55+00:00","dateModified":"2026-03-19T16:45:34+00:00","breadcrumb":{"@id":"https:\/\/presta-drone.fr\/#breadcrumb"},"inLanguage":"fr-FR","potentialAction":[{"@type":"ReadAction","target":["https:\/\/presta-drone.fr\/"]}]},{"@type":"ImageObject","inLanguage":"fr-FR","@id":"https:\/\/presta-drone.fr\/#primaryimage","url":"http:\/\/presta-drone.fr\/wp-content\/uploads\/2026\/03\/PRESTAlogo-1024x1024.png","contentUrl":"http:\/\/presta-drone.fr\/wp-content\/uploads\/2026\/03\/PRESTAlogo-1024x1024.png"},{"@type":"BreadcrumbList","@id":"https:\/\/presta-drone.fr\/#breadcrumb","itemListElement":[{"@type":"ListItem","position":1,"name":"Accueil","item":"https:\/\/presta-drone.fr\/"},{"@type":"ListItem","position":2,"name":"Accueil"}]},{"@type":"WebSite","@id":"https:\/\/presta-drone.fr\/#website","url":"https:\/\/presta-drone.fr\/","name":"","description":"L\u2019expertise drone au service de vos besoins.","potentialAction":[{"@type":"SearchAction","target":{"@type":"EntryPoint","urlTemplate":"https:\/\/presta-drone.fr\/?s={search_term_string}"},"query-input":{"@type":"PropertyValueSpecification","valueRequired":true,"valueName":"search_term_string"}}],"inLanguage":"fr-FR"}]}},"_links":{"self":[{"href":"https:\/\/presta-drone.fr\/index.php?rest_route=\/wp\/v2\/pages\/7","targetHints":{"allow":["GET"]}}],"collection":[{"href":"https:\/\/presta-drone.fr\/index.php?rest_route=\/wp\/v2\/pages"}],"about":[{"href":"https:\/\/presta-drone.fr\/index.php?rest_route=\/wp\/v2\/types\/page"}],"author":[{"embeddable":true,"href":"https:\/\/presta-drone.fr\/index.php?rest_route=\/wp\/v2\/users\/1"}],"replies":[{"embeddable":true,"href":"https:\/\/presta-drone.fr\/index.php?rest_route=%2Fwp%2Fv2%2Fcomments&post=7"}],"version-history":[{"count":44,"href":"https:\/\/presta-drone.fr\/index.php?rest_route=\/wp\/v2\/pages\/7\/revisions"}],"predecessor-version":[{"id":106,"href":"https:\/\/presta-drone.fr\/index.php?rest_route=\/wp\/v2\/pages\/7\/revisions\/106"}],"wp:attachment":[{"href":"https:\/\/presta-drone.fr\/index.php?rest_route=%2Fwp%2Fv2%2Fmedia&parent=7"}],"curies":[{"name":"wp","href":"https:\/\/api.w.org\/{rel}","templated":true}]}}